{"id":1053,"date":"2017-12-10T15:27:04","date_gmt":"2017-12-10T15:27:04","guid":{"rendered":"https:\/\/www.talentosparalavida.org\/los-talentos-en-navidad-ii\/"},"modified":"2020-06-13T19:09:33","modified_gmt":"2020-06-13T22:09:33","slug":"talents-at-christmas-ii","status":"publish","type":"page","link":"https:\/\/www.talentosparalavida.org\/en\/talents-at-christmas-ii\/","title":{"rendered":"Talents at Christmas II"},"content":{"rendered":"<p><img decoding=\"async\" src=\"https:\/\/static1.squarespace.com\/static\/5681c313df40f3651d7f5e72\/t\/5951230b414fb538a059acbf\/1498489613091\/?format=original\" alt=\"\" \/><\/p>\n<p><span style=\"font-weight: 400;\">This Program was developed by Talentos para la Vida, with the aim of promoting among the students belonging to the Educational Institutions throughout the country, the Spirit of Hope of Christmas.<\/span><\/p>\n<p><span style=\"font-weight: 400;\">Talents at Christmas was carried out with total success during December 2003, and consisted of the registered Educational Institutions presenting different musical groups composed of no more than 15 students of the primary and secondary levels, to sing Christmas Carols.<\/span><\/p>\n<p><span style=\"font-weight: 400;\">To participate in it, each Educational Institution had to send a cassette, CD or video of the musical groups to Talents for Life, so that a Specialized Jury would select the winners, a 1st Place, a 2nd Place, a 3rd Place and 10 Special Mentions. The prizes to the winners were awarded during the &#8220;Magic Village&#8221; of Coca-Cola in La Rural, where the winners were invited to sing in the month of December 2003.<\/span><\/p>\n<ul>\n<li><span style=\"font-weight: 400;\">1st Prize: Instituto San Rafael (Buenos Aires City)<\/span><\/li>\n<li><span style=\"font-weight: 400;\">2nd Prize: Santa Rita Institute (Buenos Aires City)<\/span><\/li>\n<li><span style=\"font-weight: 400;\">3rd Prize: Colegio de Todos los Santos (Villa Adelina, Buenos Aires)<\/span><\/li>\n<li><span style=\"font-weight: 400;\">Special Mention: Nuestra Se\u00f1ora del Socorro (San Pedro, Buenos Aires)<\/span><\/li>\n<li><span style=\"font-weight: 400;\">Special Mention: Nuestra Se\u00f1ora de F\u00e1tima (Olavarr\u00eda, Buenos Aires)<\/span><\/li>\n<li><span style=\"font-weight: 400;\">Special Mention: Instituto San Carlos (Malague\u00f1o, C\u00f3rdoba)<\/span><\/li>\n<li><span style=\"font-weight: 400;\">Special Mention: Escuela Albergue San Agust\u00edn (Cafayate, Salta)<\/span><\/li>\n<li><span style=\"font-weight: 400;\">Special Mention: Jard\u00edn N\u00b0 11 \u00ab28 de mayo\u00bb (Chilecito, La Rioja)<\/span><\/li>\n<li><span style=\"font-weight: 400;\">Special Mention: Instituto Domingo F. Sarmiento (San Antonio de Padua, Buenos Aires)<\/span><\/li>\n<li><span style=\"font-weight: 400;\">Special Mention: Colegio Bernardino Rivadavia (Berazategi, Buenos Aires)<\/span><\/li>\n<li><span style=\"font-weight: 400;\">Special Mention: Colegio Nuestra Se\u00f1ora de la Merced (Villa Ballester, Buenos Aires)<\/span><\/li>\n<\/ul>\n<p>&nbsp;<\/p>\n<p><img decoding=\"async\" src=\"https:\/\/static1.squarespace.com\/static\/5681c313df40f3651d7f5e72\/t\/5951234ab11be1655302375f\/1498489676164\/?format=original\" alt=\"\" \/><\/p>\n<p><img decoding=\"async\" src=\"https:\/\/static1.squarespace.com\/static\/5681c313df40f3651d7f5e72\/t\/59512352bebafb6d318c8fc4\/1498489683581\/?format=original\" alt=\"\" \/><\/p>\n<p><img decoding=\"async\" src=\"https:\/\/static1.squarespace.com\/static\/5681c313df40f3651d7f5e72\/t\/5951235acd0f68148eca46f9\/1498489691451\/?format=original\" alt=\"\" \/><\/p>\n<p><img decoding=\"async\" src=\"https:\/\/static1.squarespace.com\/static\/5681c313df40f3651d7f5e72\/t\/595123632994caad23dd89d9\/1498489700082\/?format=original\" alt=\"\" \/><\/p>\n<p><img decoding=\"async\" src=\"https:\/\/static1.squarespace.com\/static\/5681c313df40f3651d7f5e72\/t\/5951236c29687fb89afee370\/1498489709783\/?format=original\" alt=\"\" \/><\/p>\n<p><img decoding=\"async\" src=\"https:\/\/static1.squarespace.com\/static\/5681c313df40f3651d7f5e72\/t\/59512374b3db2b9cbb3883ec\/1498489718015\/?format=original\" alt=\"\" \/><\/p>\n<p><img decoding=\"async\" src=\"https:\/\/static1.squarespace.com\/static\/5681c313df40f3651d7f5e72\/t\/5951237fd1758ea200cc85d5\/1498489729499\/?format=original\" alt=\"\" \/><\/p>\n","protected":false},"excerpt":{"rendered":"<p>This Program was developed by Talentos para la Vida, with [&hellip;]<\/p>\n","protected":false},"author":1,"featured_media":0,"parent":0,"menu_order":0,"comment_status":"closed","ping_status":"closed","template":"","meta":{"footnotes":""},"class_list":["post-1053","page","type-page","status-publish","hentry"],"_links":{"self":[{"href":"https:\/\/www.talentosparalavida.org\/en\/wp-json\/wp\/v2\/pages\/1053","targetHints":{"allow":["GET"]}}],"collection":[{"href":"https:\/\/www.talentosparalavida.org\/en\/wp-json\/wp\/v2\/pages"}],"about":[{"href":"https:\/\/www.talentosparalavida.org\/en\/wp-json\/wp\/v2\/types\/page"}],"author":[{"embeddable":true,"href":"https:\/\/www.talentosparalavida.org\/en\/wp-json\/wp\/v2\/users\/1"}],"replies":[{"embeddable":true,"href":"https:\/\/www.talentosparalavida.org\/en\/wp-json\/wp\/v2\/comments?post=1053"}],"version-history":[{"count":1,"href":"https:\/\/www.talentosparalavida.org\/en\/wp-json\/wp\/v2\/pages\/1053\/revisions"}],"predecessor-version":[{"id":1054,"href":"https:\/\/www.talentosparalavida.org\/en\/wp-json\/wp\/v2\/pages\/1053\/revisions\/1054"}],"wp:attachment":[{"href":"https:\/\/www.talentosparalavida.org\/en\/wp-json\/wp\/v2\/media?parent=1053"}],"curies":[{"name":"wp","href":"https:\/\/api.w.org\/{rel}","templated":true}]}}