{"id":1056,"date":"2017-12-10T15:27:04","date_gmt":"2017-12-10T15:27:04","guid":{"rendered":"https:\/\/www.talentosparalavida.org\/mi-tercera-edad-mi-responsabilidad\/"},"modified":"2020-06-13T19:12:45","modified_gmt":"2020-06-13T22:12:45","slug":"my-senior-age-my-responsibility","status":"publish","type":"page","link":"https:\/\/www.talentosparalavida.org\/en\/my-senior-age-my-responsibility\/","title":{"rendered":"My Senior Age, My Responsibility"},"content":{"rendered":"<div class=\"fusion-fullwidth fullwidth-box fusion-builder-row-1 nonhundred-percent-fullwidth non-hundred-percent-height-scrolling\"  style='background-color: rgba(255,255,255,0);background-position: center center;background-repeat: no-repeat;padding-top:0px;padding-right:0px;padding-bottom:0px;padding-left:0px;'><div class=\"fusion-builder-row fusion-row \"><div  class=\"fusion-layout-column fusion_builder_column fusion_builder_column_1_1 fusion-builder-column-0 fusion-one-full fusion-column-first fusion-column-last 1_1\"  style='margin-top:0px;margin-bottom:20px;'><div class=\"fusion-column-wrapper\" style=\"padding: 0px 0px 0px 0px;background-position:left top;background-repeat:no-repeat;-webkit-background-size:cover;-moz-background-size:cover;-o-background-size:cover;background-size:cover;\"   data-bg-url=\"\"><div class=\"fusion-text\"><h4>GOALS<\/h4>\n<p>Talentos para la Vida and Profesi\u00f3n + Auge AFJP develop this Program aimed at Educational Institutions throughout the country, with the aim of disseminating and promoting the value of Responsibility in each of the educational cycles, and in each of the subjects.<\/p>\n<p>This Program promotes reflection and the acquisition of responsible attitudes, habits and behaviors in different areas of human activity: family, school, social, recreational, civic, natural, among others.<\/p>\n<p><strong>How to participate?<\/strong><\/p>\n<p>Announcement<br \/>\nPrimary and Secondary Students.<\/p>\n<p><strong>Participation<\/strong><br \/>\nFree and individual. For private and public educational institutions throughout the country.<\/p>\n<p><strong>Development<\/strong><br \/>\nThe students of the participating Educational Institutions work together with their delegated teachers on the didactic material that is given to them when they register, which will be renewed in turn monthly, and that is composed of interactive sheets of practical works for the students to study.<\/p>\n<p><strong>Inscription<\/strong><br \/>\nTo begin participating, you must complete the Registration Application (by clicking here) with the requested information. For any questions, you can write us by clicking here.<\/p>\n<\/div><div class=\"fusion-clearfix\"><\/div><\/div><\/div><div  class=\"fusion-layout-column fusion_builder_column fusion_builder_column_1_4 fusion-builder-column-1 fusion-one-fourth fusion-column-first 1_4\"  style='margin-top:0px;margin-bottom:20px;width:25%;width:calc(25% - ( ( 4% + 4% + 4% ) * 0.25 ) );margin-right: 4%;'><div class=\"fusion-column-wrapper\" style=\"padding: 0px 0px 0px 0px;background-position:left top;background-repeat:no-repeat;-webkit-background-size:cover;-moz-background-size:cover;-o-background-size:cover;background-size:cover;\"   data-bg-url=\"\"><div class=\"fusion-clearfix\"><\/div><\/div><\/div><div  class=\"fusion-layout-column fusion_builder_column fusion_builder_column_1_4 fusion-builder-column-2 fusion-one-fourth 1_4\"  style='margin-top:0px;margin-bottom:20px;width:25%;width:calc(25% - ( ( 4% + 4% + 4% ) * 0.25 ) );margin-right: 4%;'><div class=\"fusion-column-wrapper\" style=\"padding: 0px 0px 0px 0px;background-position:left top;background-repeat:no-repeat;-webkit-background-size:cover;-moz-background-size:cover;-o-background-size:cover;background-size:cover;\"   data-bg-url=\"\"><div class=\"fusion-column-content-centered\"><div class=\"fusion-column-content\"><span class=\"fusion-imageframe imageframe-none imageframe-1 hover-type-none\"><img loading=\"lazy\" decoding=\"async\" src=\"https:\/\/www.talentosparalavida.org\/wp-content\/uploads\/2018\/03\/profesionAuge_gde.gif\" width=\"168\" height=\"52\" alt=\"\" title=\"profesionAuge_gde\" class=\"img-responsive wp-image-1057\"\/><\/span><\/div><\/div><div class=\"fusion-clearfix\"><\/div><\/div><\/div><div  class=\"fusion-layout-column fusion_builder_column fusion_builder_column_1_4 fusion-builder-column-3 fusion-one-fourth 1_4\"  style='margin-top:0px;margin-bottom:20px;width:25%;width:calc(25% - ( ( 4% + 4% + 4% ) * 0.25 ) );margin-right: 4%;'><div class=\"fusion-column-wrapper\" style=\"padding: 0px 0px 0px 0px;background-position:left top;background-repeat:no-repeat;-webkit-background-size:cover;-moz-background-size:cover;-o-background-size:cover;background-size:cover;\"   data-bg-url=\"\"><div class=\"fusion-column-content-centered\"><div class=\"fusion-column-content\"><span class=\"fusion-imageframe imageframe-none imageframe-2 hover-type-none\"><img loading=\"lazy\" decoding=\"async\" src=\"https:\/\/www.talentosparalavida.org\/wp-content\/uploads\/2018\/03\/talentos.gif\" width=\"101\" height=\"90\" alt=\"\" title=\"talentos\" class=\"img-responsive wp-image-1061\"\/><\/span><\/div><\/div><div class=\"fusion-clearfix\"><\/div><\/div><\/div><div  class=\"fusion-layout-column fusion_builder_column fusion_builder_column_1_4 fusion-builder-column-4 fusion-one-fourth fusion-column-last 1_4\"  style='margin-top:0px;margin-bottom:20px;width:25%;width:calc(25% - ( ( 4% + 4% + 4% ) * 0.25 ) );'><div class=\"fusion-column-wrapper\" style=\"padding: 0px 0px 0px 0px;background-position:left top;background-repeat:no-repeat;-webkit-background-size:cover;-moz-background-size:cover;-o-background-size:cover;background-size:cover;\"   data-bg-url=\"\"><div class=\"fusion-clearfix\"><\/div><\/div><\/div><div  class=\"fusion-layout-column fusion_builder_column fusion_builder_column_1_1 fusion-builder-column-5 fusion-one-full fusion-column-first fusion-column-last 1_1\"  style='margin-top:0px;margin-bottom:20px;'><div class=\"fusion-column-wrapper\" style=\"padding: 0px 0px 0px 0px;background-position:left top;background-repeat:no-repeat;-webkit-background-size:cover;-moz-background-size:cover;-o-background-size:cover;background-size:cover;\"   data-bg-url=\"\"><div class=\"fusion-text\"><p>\u00bfCOMO PARTICIPAR?<\/p>\n<p>Convocatoria<br \/>\nAlumnos de Primaria y Secundaria.<\/p>\n<p>Participaci\u00f3n<br \/>\nLibre e individual. Para Instituciones Educativas privadas y p\u00fablicas de todo el pa\u00eds.<\/p>\n<p>Desarrollo<br \/>\nLos alumnos de las Instituciones Educativas participantes trabajan conjuntamente con sus docentes delegados sobre el material did\u00e1ctico que se les entrega al inscribirse, el cual ser\u00e1 renovado a su vez mensualmente, y que est\u00e1 compuesto por fichas interactivas de trabajos pr\u00e1cticos para que los alumnos estudien.<\/p>\n<p>Inscripci\u00f3n<br \/>\nPara comenzar a participar solamente deber\u00e1n completar la Solicitud de Inscripci\u00f3n <a href=\"https:\/\/docs.google.com\/forms\/d\/e\/1FAIpQLSdxSrwtzvy9RPzoh_SKS48jiVBejh3447JSvgbyXDg4GO04hA\/viewform?formkey=dFNyd1N0Qy1MTVZOdFdZZzVUZE54X3c6MQ\">(haciendo clic aqu\u00ed)<\/a> con los datos solicitados. Para realizar cualquier consulta, podr\u00e1n escribirnos <a href=\"https:\/\/docs.google.com\/forms\/d\/e\/1FAIpQLSfrjiQi0kscX6sdHSsIIugc0fzCQJmJ9umz4x1PtJeIfZJHkw\/viewform?formkey=dFRLZW5iWUpnUXZHekJzZjRyYWJOTUE6MQ\">haciendo clic aqu\u00ed.<\/a><\/p>\n<\/div><div class=\"fusion-clearfix\"><\/div><\/div><\/div><\/div><\/div>\n","protected":false},"excerpt":{"rendered":"","protected":false},"author":1,"featured_media":0,"parent":0,"menu_order":0,"comment_status":"closed","ping_status":"closed","template":"","meta":{"footnotes":""},"class_list":["post-1056","page","type-page","status-publish","hentry"],"_links":{"self":[{"href":"https:\/\/www.talentosparalavida.org\/en\/wp-json\/wp\/v2\/pages\/1056","targetHints":{"allow":["GET"]}}],"collection":[{"href":"https:\/\/www.talentosparalavida.org\/en\/wp-json\/wp\/v2\/pages"}],"about":[{"href":"https:\/\/www.talentosparalavida.org\/en\/wp-json\/wp\/v2\/types\/page"}],"author":[{"embeddable":true,"href":"https:\/\/www.talentosparalavida.org\/en\/wp-json\/wp\/v2\/users\/1"}],"replies":[{"embeddable":true,"href":"https:\/\/www.talentosparalavida.org\/en\/wp-json\/wp\/v2\/comments?post=1056"}],"version-history":[{"count":1,"href":"https:\/\/www.talentosparalavida.org\/en\/wp-json\/wp\/v2\/pages\/1056\/revisions"}],"predecessor-version":[{"id":1058,"href":"https:\/\/www.talentosparalavida.org\/en\/wp-json\/wp\/v2\/pages\/1056\/revisions\/1058"}],"wp:attachment":[{"href":"https:\/\/www.talentosparalavida.org\/en\/wp-json\/wp\/v2\/media?parent=1056"}],"curies":[{"name":"wp","href":"https:\/\/api.w.org\/{rel}","templated":true}]}}