{"id":1064,"date":"2017-12-10T15:27:04","date_gmt":"2017-12-10T15:27:04","guid":{"rendered":"https:\/\/www.talentosparalavida.org\/noche-de-gala-y-tango\/"},"modified":"2020-06-13T19:30:14","modified_gmt":"2020-06-13T22:30:14","slug":"gala-night-and-tango","status":"publish","type":"page","link":"https:\/\/www.talentosparalavida.org\/en\/gala-night-and-tango\/","title":{"rendered":"Gala Night and Tango"},"content":{"rendered":"<div class=\"fusion-fullwidth fullwidth-box fusion-builder-row-1 nonhundred-percent-fullwidth non-hundred-percent-height-scrolling\"  style='background-color: rgba(255,255,255,0);background-position: center center;background-repeat: no-repeat;padding-top:0px;padding-right:0px;padding-bottom:0px;padding-left:0px;'><div class=\"fusion-builder-row fusion-row \"><div  class=\"fusion-layout-column fusion_builder_column fusion_builder_column_1_1 fusion-builder-column-0 fusion-one-full fusion-column-first fusion-column-last 1_1\"  style='margin-top:0px;margin-bottom:20px;'><div class=\"fusion-column-wrapper\" style=\"padding: 0px 0px 0px 0px;background-position:left top;background-repeat:no-repeat;-webkit-background-size:cover;-moz-background-size:cover;-o-background-size:cover;background-size:cover;\"   data-bg-url=\"\"><div class=\"fusion-text\"><p>The National Secretary of Culture, Beatriz Guti\u00e9rrez Walker, and Enrique Torrendell, President of the International Foundation Talentos para la Vida, together with the organization of the magazine Dirigencia and its director, Jorge Monteferrario, offered as a tribute to the companies that support the Talentos para la Vida program, a Talent and Tango show at the Teatro Nacional Cervantes, whose show exceeded the expectations of lovers of our maximum popular music.<\/p>\n<p>Before beginning this unforgettable function, it was announced that he had just arrived from the Presidency of the Nation, regarding the Talentos para la Vida program, the copy of the decree by which he was declared of national interest as of May 11, 1999, adding this distinction to the declaration of cultural interest and educational interest, and receiving the news with a closed applause from the entire audience.<\/p>\n<p>Among those present were also Marta Passman, from the National Ministry of Culture; Tom\u00e1s Oulton, from Microsoft Argentina; Ra\u00fal S\u00e1nchez, from Microsoft Spain; Guillermo Rotman, from Tren de la Costa; Ra\u00fal Fiscalini, of Astra; Jorge Mesutti, of Consultant Mesutti &amp; Asociados; Gabriel Lorenzo, of Andreani; Claudio Sin\u00f3poli, from Actuar; Hugo Mart\u00ednez, of Banelco; Tom\u00e1s de Estrada, Estrada; Gustavo Ferrari, from El Derecho; Agustina C\u00faneo, from Encyclopedia Britannica; Gustavo Zarazaga, of Anselmo Morvillo; and Ra\u00fal Pistorio, of the Favaloro Foundation, among others honored<\/p>\n\n\t\t<style type=\"text\/css\">\n\t\t\t#gallery-1 {\n\t\t\t\tmargin: auto;\n\t\t\t}\n\t\t\t#gallery-1 .gallery-item {\n\t\t\t\tfloat: left;\n\t\t\t\tmargin-top: 10px;\n\t\t\t\ttext-align: center;\n\t\t\t\twidth: 16%;\n\t\t\t}\n\t\t\t#gallery-1 img {\n\t\t\t\tborder: 2px solid #cfcfcf;\n\t\t\t}\n\t\t\t#gallery-1 .gallery-caption {\n\t\t\t\tmargin-left: 0;\n\t\t\t}\n\t\t\t\/* see gallery_shortcode() in wp-includes\/media.php *\/\n\t\t<\/style>\n\t\t<div id='gallery-1' class='gallery galleryid-1064 gallery-columns-6 gallery-size-thumbnail'><dl class='gallery-item'>\n\t\t\t<dt class='gallery-icon landscape'>\n\t\t\t\t<a data-rel=\"iLightbox[postimages]\" data-title=\"gala10\" data-caption=\"\" href='https:\/\/www.talentosparalavida.org\/wp-content\/uploads\/2018\/03\/gala10.jpg'><img loading=\"lazy\" decoding=\"async\" width=\"150\" height=\"150\" src=\"https:\/\/www.talentosparalavida.org\/wp-content\/uploads\/2018\/03\/gala10-150x150.jpg\" class=\"attachment-thumbnail size-thumbnail\" alt=\"\" srcset=\"https:\/\/www.talentosparalavida.org\/wp-content\/uploads\/2018\/03\/gala10-66x66.jpg 66w, https:\/\/www.talentosparalavida.org\/wp-content\/uploads\/2018\/03\/gala10-150x150.jpg 150w\" sizes=\"auto, (max-width: 150px) 100vw, 150px\" \/><\/a>\n\t\t\t<\/dt><\/dl><dl class='gallery-item'>\n\t\t\t<dt class='gallery-icon landscape'>\n\t\t\t\t<a data-rel=\"iLightbox[postimages]\" data-title=\"gala8\" data-caption=\"\" href='https:\/\/www.talentosparalavida.org\/wp-content\/uploads\/2018\/03\/gala8.jpg'><img loading=\"lazy\" decoding=\"async\" width=\"150\" height=\"150\" src=\"https:\/\/www.talentosparalavida.org\/wp-content\/uploads\/2018\/03\/gala8-150x150.jpg\" class=\"attachment-thumbnail size-thumbnail\" alt=\"\" srcset=\"https:\/\/www.talentosparalavida.org\/wp-content\/uploads\/2018\/03\/gala8-66x66.jpg 66w, https:\/\/www.talentosparalavida.org\/wp-content\/uploads\/2018\/03\/gala8-150x150.jpg 150w\" sizes=\"auto, (max-width: 150px) 100vw, 150px\" \/><\/a>\n\t\t\t<\/dt><\/dl><dl class='gallery-item'>\n\t\t\t<dt class='gallery-icon landscape'>\n\t\t\t\t<a data-rel=\"iLightbox[postimages]\" data-title=\"gala13\" data-caption=\"\" href='https:\/\/www.talentosparalavida.org\/wp-content\/uploads\/2018\/03\/gala13.jpg'><img loading=\"lazy\" decoding=\"async\" width=\"150\" height=\"150\" src=\"https:\/\/www.talentosparalavida.org\/wp-content\/uploads\/2018\/03\/gala13-150x150.jpg\" class=\"attachment-thumbnail size-thumbnail\" alt=\"\" srcset=\"https:\/\/www.talentosparalavida.org\/wp-content\/uploads\/2018\/03\/gala13-66x66.jpg 66w, https:\/\/www.talentosparalavida.org\/wp-content\/uploads\/2018\/03\/gala13-150x150.jpg 150w\" sizes=\"auto, (max-width: 150px) 100vw, 150px\" \/><\/a>\n\t\t\t<\/dt><\/dl><dl class='gallery-item'>\n\t\t\t<dt class='gallery-icon portrait'>\n\t\t\t\t<a data-rel=\"iLightbox[postimages]\" data-title=\"gala4\" data-caption=\"\" href='https:\/\/www.talentosparalavida.org\/wp-content\/uploads\/2018\/03\/gala4.jpg'><img loading=\"lazy\" decoding=\"async\" width=\"150\" height=\"150\" src=\"https:\/\/www.talentosparalavida.org\/wp-content\/uploads\/2018\/03\/gala4-150x150.jpg\" class=\"attachment-thumbnail size-thumbnail\" alt=\"\" srcset=\"https:\/\/www.talentosparalavida.org\/wp-content\/uploads\/2018\/03\/gala4-66x66.jpg 66w, https:\/\/www.talentosparalavida.org\/wp-content\/uploads\/2018\/03\/gala4-150x150.jpg 150w\" sizes=\"auto, (max-width: 150px) 100vw, 150px\" \/><\/a>\n\t\t\t<\/dt><\/dl><dl class='gallery-item'>\n\t\t\t<dt class='gallery-icon portrait'>\n\t\t\t\t<a data-rel=\"iLightbox[postimages]\" data-title=\"gala14\" data-caption=\"\" href='https:\/\/www.talentosparalavida.org\/wp-content\/uploads\/2018\/03\/gala14.jpg'><img loading=\"lazy\" decoding=\"async\" width=\"150\" height=\"150\" src=\"https:\/\/www.talentosparalavida.org\/wp-content\/uploads\/2018\/03\/gala14-150x150.jpg\" class=\"attachment-thumbnail size-thumbnail\" alt=\"\" srcset=\"https:\/\/www.talentosparalavida.org\/wp-content\/uploads\/2018\/03\/gala14-66x66.jpg 66w, https:\/\/www.talentosparalavida.org\/wp-content\/uploads\/2018\/03\/gala14-150x150.jpg 150w\" sizes=\"auto, (max-width: 150px) 100vw, 150px\" \/><\/a>\n\t\t\t<\/dt><\/dl><dl class='gallery-item'>\n\t\t\t<dt class='gallery-icon portrait'>\n\t\t\t\t<a data-rel=\"iLightbox[postimages]\" data-title=\"gala3\" data-caption=\"\" href='https:\/\/www.talentosparalavida.org\/wp-content\/uploads\/2018\/03\/gala3.jpg'><img loading=\"lazy\" decoding=\"async\" width=\"150\" height=\"150\" src=\"https:\/\/www.talentosparalavida.org\/wp-content\/uploads\/2018\/03\/gala3-150x150.jpg\" class=\"attachment-thumbnail size-thumbnail\" alt=\"\" srcset=\"https:\/\/www.talentosparalavida.org\/wp-content\/uploads\/2018\/03\/gala3-66x66.jpg 66w, https:\/\/www.talentosparalavida.org\/wp-content\/uploads\/2018\/03\/gala3-150x150.jpg 150w\" sizes=\"auto, (max-width: 150px) 100vw, 150px\" \/><\/a>\n\t\t\t<\/dt><\/dl><br style=\"clear: both\" \/><dl class='gallery-item'>\n\t\t\t<dt class='gallery-icon portrait'>\n\t\t\t\t<a data-rel=\"iLightbox[postimages]\" data-title=\"gala11\" data-caption=\"\" href='https:\/\/www.talentosparalavida.org\/wp-content\/uploads\/2018\/03\/gala11.jpg'><img loading=\"lazy\" decoding=\"async\" width=\"150\" height=\"150\" src=\"https:\/\/www.talentosparalavida.org\/wp-content\/uploads\/2018\/03\/gala11-150x150.jpg\" class=\"attachment-thumbnail size-thumbnail\" alt=\"\" srcset=\"https:\/\/www.talentosparalavida.org\/wp-content\/uploads\/2018\/03\/gala11-66x66.jpg 66w, https:\/\/www.talentosparalavida.org\/wp-content\/uploads\/2018\/03\/gala11-150x150.jpg 150w\" sizes=\"auto, (max-width: 150px) 100vw, 150px\" \/><\/a>\n\t\t\t<\/dt><\/dl><dl class='gallery-item'>\n\t\t\t<dt class='gallery-icon landscape'>\n\t\t\t\t<a data-rel=\"iLightbox[postimages]\" data-title=\"gala7\" data-caption=\"\" href='https:\/\/www.talentosparalavida.org\/wp-content\/uploads\/2018\/03\/gala7.jpg'><img loading=\"lazy\" decoding=\"async\" width=\"150\" height=\"150\" src=\"https:\/\/www.talentosparalavida.org\/wp-content\/uploads\/2018\/03\/gala7-150x150.jpg\" class=\"attachment-thumbnail size-thumbnail\" alt=\"\" srcset=\"https:\/\/www.talentosparalavida.org\/wp-content\/uploads\/2018\/03\/gala7-66x66.jpg 66w, https:\/\/www.talentosparalavida.org\/wp-content\/uploads\/2018\/03\/gala7-150x150.jpg 150w\" sizes=\"auto, (max-width: 150px) 100vw, 150px\" \/><\/a>\n\t\t\t<\/dt><\/dl><dl class='gallery-item'>\n\t\t\t<dt class='gallery-icon landscape'>\n\t\t\t\t<a data-rel=\"iLightbox[postimages]\" data-title=\"gala6\" data-caption=\"\" href='https:\/\/www.talentosparalavida.org\/wp-content\/uploads\/2018\/03\/gala6.jpg'><img loading=\"lazy\" decoding=\"async\" width=\"150\" height=\"150\" src=\"https:\/\/www.talentosparalavida.org\/wp-content\/uploads\/2018\/03\/gala6-150x150.jpg\" class=\"attachment-thumbnail size-thumbnail\" alt=\"\" srcset=\"https:\/\/www.talentosparalavida.org\/wp-content\/uploads\/2018\/03\/gala6-66x66.jpg 66w, https:\/\/www.talentosparalavida.org\/wp-content\/uploads\/2018\/03\/gala6-150x150.jpg 150w\" sizes=\"auto, (max-width: 150px) 100vw, 150px\" \/><\/a>\n\t\t\t<\/dt><\/dl><dl class='gallery-item'>\n\t\t\t<dt class='gallery-icon landscape'>\n\t\t\t\t<a data-rel=\"iLightbox[postimages]\" data-title=\"gala5\" data-caption=\"\" href='https:\/\/www.talentosparalavida.org\/wp-content\/uploads\/2018\/03\/gala5.jpg'><img loading=\"lazy\" decoding=\"async\" width=\"150\" height=\"150\" src=\"https:\/\/www.talentosparalavida.org\/wp-content\/uploads\/2018\/03\/gala5-150x150.jpg\" class=\"attachment-thumbnail size-thumbnail\" alt=\"\" srcset=\"https:\/\/www.talentosparalavida.org\/wp-content\/uploads\/2018\/03\/gala5-66x66.jpg 66w, https:\/\/www.talentosparalavida.org\/wp-content\/uploads\/2018\/03\/gala5-150x150.jpg 150w\" sizes=\"auto, (max-width: 150px) 100vw, 150px\" \/><\/a>\n\t\t\t<\/dt><\/dl><dl class='gallery-item'>\n\t\t\t<dt class='gallery-icon landscape'>\n\t\t\t\t<a data-rel=\"iLightbox[postimages]\" data-title=\"gala2\" data-caption=\"\" href='https:\/\/www.talentosparalavida.org\/wp-content\/uploads\/2018\/03\/gala2.jpg'><img loading=\"lazy\" decoding=\"async\" width=\"150\" height=\"150\" src=\"https:\/\/www.talentosparalavida.org\/wp-content\/uploads\/2018\/03\/gala2-150x150.jpg\" class=\"attachment-thumbnail size-thumbnail\" alt=\"\" srcset=\"https:\/\/www.talentosparalavida.org\/wp-content\/uploads\/2018\/03\/gala2-66x66.jpg 66w, https:\/\/www.talentosparalavida.org\/wp-content\/uploads\/2018\/03\/gala2-150x150.jpg 150w\" sizes=\"auto, (max-width: 150px) 100vw, 150px\" \/><\/a>\n\t\t\t<\/dt><\/dl><dl class='gallery-item'>\n\t\t\t<dt class='gallery-icon landscape'>\n\t\t\t\t<a data-rel=\"iLightbox[postimages]\" data-title=\"gala12\" data-caption=\"\" href='https:\/\/www.talentosparalavida.org\/wp-content\/uploads\/2018\/03\/gala12.jpg'><img loading=\"lazy\" decoding=\"async\" width=\"150\" height=\"150\" src=\"https:\/\/www.talentosparalavida.org\/wp-content\/uploads\/2018\/03\/gala12-150x150.jpg\" class=\"attachment-thumbnail size-thumbnail\" alt=\"\" srcset=\"https:\/\/www.talentosparalavida.org\/wp-content\/uploads\/2018\/03\/gala12-66x66.jpg 66w, https:\/\/www.talentosparalavida.org\/wp-content\/uploads\/2018\/03\/gala12-150x150.jpg 150w\" sizes=\"auto, (max-width: 150px) 100vw, 150px\" \/><\/a>\n\t\t\t<\/dt><\/dl><br style=\"clear: both\" \/><dl class='gallery-item'>\n\t\t\t<dt class='gallery-icon landscape'>\n\t\t\t\t<a data-rel=\"iLightbox[postimages]\" data-title=\"gala9\" data-caption=\"\" href='https:\/\/www.talentosparalavida.org\/wp-content\/uploads\/2018\/03\/gala9.jpg'><img loading=\"lazy\" decoding=\"async\" width=\"150\" height=\"150\" src=\"https:\/\/www.talentosparalavida.org\/wp-content\/uploads\/2018\/03\/gala9-150x150.jpg\" class=\"attachment-thumbnail size-thumbnail\" alt=\"\" srcset=\"https:\/\/www.talentosparalavida.org\/wp-content\/uploads\/2018\/03\/gala9-66x66.jpg 66w, https:\/\/www.talentosparalavida.org\/wp-content\/uploads\/2018\/03\/gala9-150x150.jpg 150w\" sizes=\"auto, (max-width: 150px) 100vw, 150px\" \/><\/a>\n\t\t\t<\/dt><\/dl><dl class='gallery-item'>\n\t\t\t<dt class='gallery-icon landscape'>\n\t\t\t\t<a data-rel=\"iLightbox[postimages]\" data-title=\"gala1\" data-caption=\"\" href='https:\/\/www.talentosparalavida.org\/wp-content\/uploads\/2018\/03\/gala1.jpg'><img loading=\"lazy\" decoding=\"async\" width=\"150\" height=\"150\" src=\"https:\/\/www.talentosparalavida.org\/wp-content\/uploads\/2018\/03\/gala1-150x150.jpg\" class=\"attachment-thumbnail size-thumbnail\" alt=\"\" srcset=\"https:\/\/www.talentosparalavida.org\/wp-content\/uploads\/2018\/03\/gala1-66x66.jpg 66w, https:\/\/www.talentosparalavida.org\/wp-content\/uploads\/2018\/03\/gala1-150x150.jpg 150w\" sizes=\"auto, (max-width: 150px) 100vw, 150px\" \/><\/a>\n\t\t\t<\/dt><\/dl>\n\t\t\t<br style='clear: both' \/>\n\t\t<\/div>\n\n<\/div><div class=\"fusion-clearfix\"><\/div><\/div><\/div><\/div><\/div>\n","protected":false},"excerpt":{"rendered":"","protected":false},"author":1,"featured_media":0,"parent":0,"menu_order":0,"comment_status":"closed","ping_status":"closed","template":"","meta":{"footnotes":""},"class_list":["post-1064","page","type-page","status-publish","hentry"],"_links":{"self":[{"href":"https:\/\/www.talentosparalavida.org\/en\/wp-json\/wp\/v2\/pages\/1064","targetHints":{"allow":["GET"]}}],"collection":[{"href":"https:\/\/www.talentosparalavida.org\/en\/wp-json\/wp\/v2\/pages"}],"about":[{"href":"https:\/\/www.talentosparalavida.org\/en\/wp-json\/wp\/v2\/types\/page"}],"author":[{"embeddable":true,"href":"https:\/\/www.talentosparalavida.org\/en\/wp-json\/wp\/v2\/users\/1"}],"replies":[{"embeddable":true,"href":"https:\/\/www.talentosparalavida.org\/en\/wp-json\/wp\/v2\/comments?post=1064"}],"version-history":[{"count":1,"href":"https:\/\/www.talentosparalavida.org\/en\/wp-json\/wp\/v2\/pages\/1064\/revisions"}],"predecessor-version":[{"id":1066,"href":"https:\/\/www.talentosparalavida.org\/en\/wp-json\/wp\/v2\/pages\/1064\/revisions\/1066"}],"wp:attachment":[{"href":"https:\/\/www.talentosparalavida.org\/en\/wp-json\/wp\/v2\/media?parent=1064"}],"curies":[{"name":"wp","href":"https:\/\/api.w.org\/{rel}","templated":true}]}}