{"id":1123,"date":"2018-02-04T16:05:44","date_gmt":"2018-02-04T16:05:44","guid":{"rendered":"https:\/\/www.talentosparalavida.org\/talentlon-para-la-vida-2\/"},"modified":"2020-06-13T20:53:56","modified_gmt":"2020-06-13T23:53:56","slug":"talentlon-para-la-vida-2","status":"publish","type":"page","link":"https:\/\/www.talentosparalavida.org\/en\/talentlon-para-la-vida-2\/","title":{"rendered":"Talentl\u00f3n para la vida II"},"content":{"rendered":"<p>On Thursday, August 27, 1998, on the 9th floor of the Autom\u00f3bil Club Argentino, the Lunch Launch <strong>Talentl\u00f3n para la Vida<\/strong> 1998 was held.<\/p>\n<p>This mega-event was aimed at promoting Life itself, the Mothers, bringing families together, promoting values and Talentos para la Vida, providing sponsoring companies with a framework of communication, promotion, advertising, which is productive and beneficial for them, with a great institutional added value.<br \/>\nThe event was attended by more than 100 businessmen and personalities, including Mrs. In\u00e9s Pertin\u00e9 of de la R\u00faa, wife of the Chief of Government of the City of Buenos Aires, Dr. Fernando de la R\u00faa; Beatriz de Guti\u00e9rrez Walker, National Secretary of Culture; Noem\u00ed Ahumedes, General Director of Women; Francisco Mayorga, National Secretary of Culture; Mariano Posse, National General Inspector of Justice; Alberto Gowland Miter, Vice President of La Naci\u00f3n newspaper; Enrique Torrendell, President of the Graduate Center in Economics of the Argentine Catholic University; Rosa P\u00e9rez Mart\u00ednez, Marketing Manager of Aetna Vida; Di\u00f3genes de Urquiza, Topper Marketing Manager; Jos\u00e9 Ranero D\u00edaz, President of Astra; Omar Sproviero, RRII Manager of the BankBoston Foundation; Carlos Elliot, Institutional Relations Manager of Avon Cosmetics; Eduardo Gruneisen, Vice President of El Ateneo; Jos\u00e9 Landajo, Marketing Manager of Eveready; Segundo Marenco, RRII Manager of IBM Argentina; Lucas Mastellone, Special Events Manager of Mastellone Brothers; Guillermo C\u00f3ppola, Product Manager of MasterCard; Alejandro Azaretto, MasterCard Commercial Area; Mariana Giacumbo, RRC Manager of MasterCard; Marcelo Poggio, MasterCard Manager; Claudia de Vila, RR Manager PP of Metrov\u00edas; Fabi\u00e1n Crivaro, Microsoft Academic Manager; Tom\u00e1s Oulton, Microsoft Reseller Manager; Bernardo Neustadt, Honorary Member of Talentos para la Vida.<\/p>\n<p>During lunch there was also room for excitement, when Mrs. Ester In\u00e9s Banchio de Ragone, Mother of a girl participating in the Talents for Life program, read her daughter&#8217;s moving story, which was Gold Medal in Literary Essay of the month of April.<\/p>\n\n\t\t<style type=\"text\/css\">\n\t\t\t#gallery-1 {\n\t\t\t\tmargin: auto;\n\t\t\t}\n\t\t\t#gallery-1 .gallery-item {\n\t\t\t\tfloat: left;\n\t\t\t\tmargin-top: 10px;\n\t\t\t\ttext-align: center;\n\t\t\t\twidth: 12%;\n\t\t\t}\n\t\t\t#gallery-1 img {\n\t\t\t\tborder: 2px solid #cfcfcf;\n\t\t\t}\n\t\t\t#gallery-1 .gallery-caption {\n\t\t\t\tmargin-left: 0;\n\t\t\t}\n\t\t\t\/* see gallery_shortcode() in wp-includes\/media.php *\/\n\t\t<\/style>\n\t\t<div id='gallery-1' class='gallery galleryid-1123 gallery-columns-8 gallery-size-thumbnail'><dl class='gallery-item'>\n\t\t\t<dt class='gallery-icon landscape'>\n\t\t\t\t<img loading=\"lazy\" decoding=\"async\" width=\"150\" height=\"150\" src=\"https:\/\/www.talentosparalavida.org\/wp-content\/uploads\/2018\/02\/talentlon2-01-150x150.jpg\" class=\"attachment-thumbnail size-thumbnail\" alt=\"\" srcset=\"https:\/\/www.talentosparalavida.org\/wp-content\/uploads\/2018\/02\/talentlon2-01-66x66.jpg 66w, https:\/\/www.talentosparalavida.org\/wp-content\/uploads\/2018\/02\/talentlon2-01-150x150.jpg 150w\" sizes=\"auto, (max-width: 150px) 100vw, 150px\" \/>\n\t\t\t<\/dt><\/dl><dl class='gallery-item'>\n\t\t\t<dt class='gallery-icon landscape'>\n\t\t\t\t<img loading=\"lazy\" decoding=\"async\" width=\"150\" height=\"150\" src=\"https:\/\/www.talentosparalavida.org\/wp-content\/uploads\/2018\/02\/talentlon2-02-150x150.jpg\" class=\"attachment-thumbnail size-thumbnail\" alt=\"\" srcset=\"https:\/\/www.talentosparalavida.org\/wp-content\/uploads\/2018\/02\/talentlon2-02-66x66.jpg 66w, https:\/\/www.talentosparalavida.org\/wp-content\/uploads\/2018\/02\/talentlon2-02-150x150.jpg 150w\" sizes=\"auto, (max-width: 150px) 100vw, 150px\" \/>\n\t\t\t<\/dt><\/dl><dl class='gallery-item'>\n\t\t\t<dt class='gallery-icon landscape'>\n\t\t\t\t<img loading=\"lazy\" decoding=\"async\" width=\"150\" height=\"150\" src=\"https:\/\/www.talentosparalavida.org\/wp-content\/uploads\/2018\/02\/talentlon2-03-150x150.jpg\" class=\"attachment-thumbnail size-thumbnail\" alt=\"\" srcset=\"https:\/\/www.talentosparalavida.org\/wp-content\/uploads\/2018\/02\/talentlon2-03-66x66.jpg 66w, https:\/\/www.talentosparalavida.org\/wp-content\/uploads\/2018\/02\/talentlon2-03-150x150.jpg 150w\" sizes=\"auto, (max-width: 150px) 100vw, 150px\" \/>\n\t\t\t<\/dt><\/dl><dl class='gallery-item'>\n\t\t\t<dt class='gallery-icon landscape'>\n\t\t\t\t<img loading=\"lazy\" decoding=\"async\" width=\"150\" height=\"150\" src=\"https:\/\/www.talentosparalavida.org\/wp-content\/uploads\/2018\/02\/talentlon2-04-150x150.jpg\" class=\"attachment-thumbnail size-thumbnail\" alt=\"\" srcset=\"https:\/\/www.talentosparalavida.org\/wp-content\/uploads\/2018\/02\/talentlon2-04-66x66.jpg 66w, https:\/\/www.talentosparalavida.org\/wp-content\/uploads\/2018\/02\/talentlon2-04-150x150.jpg 150w\" sizes=\"auto, (max-width: 150px) 100vw, 150px\" \/>\n\t\t\t<\/dt><\/dl><dl class='gallery-item'>\n\t\t\t<dt class='gallery-icon landscape'>\n\t\t\t\t<img loading=\"lazy\" decoding=\"async\" width=\"150\" height=\"150\" src=\"https:\/\/www.talentosparalavida.org\/wp-content\/uploads\/2018\/02\/talentlon2-05-150x150.jpg\" class=\"attachment-thumbnail size-thumbnail\" alt=\"\" srcset=\"https:\/\/www.talentosparalavida.org\/wp-content\/uploads\/2018\/02\/talentlon2-05-66x66.jpg 66w, https:\/\/www.talentosparalavida.org\/wp-content\/uploads\/2018\/02\/talentlon2-05-150x150.jpg 150w\" sizes=\"auto, (max-width: 150px) 100vw, 150px\" \/>\n\t\t\t<\/dt><\/dl><dl class='gallery-item'>\n\t\t\t<dt class='gallery-icon landscape'>\n\t\t\t\t<img loading=\"lazy\" decoding=\"async\" width=\"150\" height=\"150\" src=\"https:\/\/www.talentosparalavida.org\/wp-content\/uploads\/2018\/02\/talentlon2-06-150x150.jpg\" class=\"attachment-thumbnail size-thumbnail\" alt=\"\" srcset=\"https:\/\/www.talentosparalavida.org\/wp-content\/uploads\/2018\/02\/talentlon2-06-66x66.jpg 66w, https:\/\/www.talentosparalavida.org\/wp-content\/uploads\/2018\/02\/talentlon2-06-150x150.jpg 150w\" sizes=\"auto, (max-width: 150px) 100vw, 150px\" \/>\n\t\t\t<\/dt><\/dl><dl class='gallery-item'>\n\t\t\t<dt class='gallery-icon landscape'>\n\t\t\t\t<img loading=\"lazy\" decoding=\"async\" width=\"150\" height=\"150\" src=\"https:\/\/www.talentosparalavida.org\/wp-content\/uploads\/2018\/02\/talentlon2-07-150x150.jpg\" class=\"attachment-thumbnail size-thumbnail\" alt=\"\" srcset=\"https:\/\/www.talentosparalavida.org\/wp-content\/uploads\/2018\/02\/talentlon2-07-66x66.jpg 66w, https:\/\/www.talentosparalavida.org\/wp-content\/uploads\/2018\/02\/talentlon2-07-150x150.jpg 150w\" sizes=\"auto, (max-width: 150px) 100vw, 150px\" \/>\n\t\t\t<\/dt><\/dl><dl class='gallery-item'>\n\t\t\t<dt class='gallery-icon landscape'>\n\t\t\t\t<img loading=\"lazy\" decoding=\"async\" width=\"150\" height=\"150\" src=\"https:\/\/www.talentosparalavida.org\/wp-content\/uploads\/2018\/02\/talentlon2-08-150x150.jpg\" class=\"attachment-thumbnail size-thumbnail\" alt=\"\" srcset=\"https:\/\/www.talentosparalavida.org\/wp-content\/uploads\/2018\/02\/talentlon2-08-66x66.jpg 66w, https:\/\/www.talentosparalavida.org\/wp-content\/uploads\/2018\/02\/talentlon2-08-150x150.jpg 150w\" sizes=\"auto, (max-width: 150px) 100vw, 150px\" \/>\n\t\t\t<\/dt><\/dl><br style=\"clear: both\" \/>\n\t\t<\/div>\n\n","protected":false},"excerpt":{"rendered":"<p>On Thursday, August 27, 1998, on the 9th floor of [&hellip;]<\/p>\n","protected":false},"author":1,"featured_media":0,"parent":0,"menu_order":0,"comment_status":"closed","ping_status":"closed","template":"","meta":{"footnotes":""},"class_list":["post-1123","page","type-page","status-publish","hentry"],"_links":{"self":[{"href":"https:\/\/www.talentosparalavida.org\/en\/wp-json\/wp\/v2\/pages\/1123","targetHints":{"allow":["GET"]}}],"collection":[{"href":"https:\/\/www.talentosparalavida.org\/en\/wp-json\/wp\/v2\/pages"}],"about":[{"href":"https:\/\/www.talentosparalavida.org\/en\/wp-json\/wp\/v2\/types\/page"}],"author":[{"embeddable":true,"href":"https:\/\/www.talentosparalavida.org\/en\/wp-json\/wp\/v2\/users\/1"}],"replies":[{"embeddable":true,"href":"https:\/\/www.talentosparalavida.org\/en\/wp-json\/wp\/v2\/comments?post=1123"}],"version-history":[{"count":1,"href":"https:\/\/www.talentosparalavida.org\/en\/wp-json\/wp\/v2\/pages\/1123\/revisions"}],"predecessor-version":[{"id":1125,"href":"https:\/\/www.talentosparalavida.org\/en\/wp-json\/wp\/v2\/pages\/1123\/revisions\/1125"}],"wp:attachment":[{"href":"https:\/\/www.talentosparalavida.org\/en\/wp-json\/wp\/v2\/media?parent=1123"}],"curies":[{"name":"wp","href":"https:\/\/api.w.org\/{rel}","templated":true}]}}