{"id":1131,"date":"2017-12-10T15:27:04","date_gmt":"2017-12-10T15:27:04","guid":{"rendered":"https:\/\/www.talentosparalavida.org\/argentina-te-quiero-bicentenario\/"},"modified":"2020-06-13T21:04:10","modified_gmt":"2020-06-14T00:04:10","slug":"argentina-i-love-you-bicentennial","status":"publish","type":"page","link":"https:\/\/www.talentosparalavida.org\/en\/argentina-i-love-you-bicentennial\/","title":{"rendered":"Argentina I love you! &#8211; Bicentennial"},"content":{"rendered":"<div class=\"fusion-fullwidth fullwidth-box fusion-builder-row-1 nonhundred-percent-fullwidth non-hundred-percent-height-scrolling\"  style='background-color: rgba(255,255,255,0);background-position: center center;background-repeat: no-repeat;padding-top:0px;padding-right:0px;padding-bottom:0px;padding-left:0px;'><div class=\"fusion-builder-row fusion-row \"><div  class=\"fusion-layout-column fusion_builder_column fusion_builder_column_1_1 fusion-builder-column-0 fusion-one-full fusion-column-first fusion-column-last 1_1\"  style='margin-top:0px;margin-bottom:20px;'><div class=\"fusion-column-wrapper\" style=\"padding: 0px 0px 0px 0px;background-position:left top;background-repeat:no-repeat;-webkit-background-size:cover;-moz-background-size:cover;-o-background-size:cover;background-size:cover;\"   data-bg-url=\"\"><div class=\"fusion-text\"><p><strong>\u201cArgentina, I love you!\u201d<\/strong> Promotes the Love of the Homeland from the beginning that: No one can love what he does not know! To fulfill the Mission of the program, we deepened the study of Patriotic Talents, similar to those shown by those who, as they loved Argentina so much, on May 25, 1810, created it.<\/p>\n<p>We study all the patriotic values of Gral. Manuel Belgrano, Gral. Jos\u00e9 de San Mart\u00edn, Cnel. Manuel Dorrego, Almte. Guillermo Brown, Dr. Mariano Moreno, Mar\u00eda Remedio del Valle, Juana Azurduy, Manuela Pedraza, Gral. Mart\u00edn Miguel de G\u00fcemes, Gob. Hernando Arias de Saavedra and we invite you to develop works on them.<\/p>\n<p>To know more about the Program, click here<\/p>\n<\/div><div class=\"fusion-clearfix\"><\/div><\/div><\/div><div  class=\"fusion-layout-column fusion_builder_column fusion_builder_column_1_1 fusion-builder-column-1 fusion-one-full fusion-column-first fusion-column-last 1_1\"  style='margin-top:0px;margin-bottom:0px;'><div class=\"fusion-column-wrapper\" style=\"padding: 0px 0px 0px 0px;background-position:left top;background-repeat:no-repeat;-webkit-background-size:cover;-moz-background-size:cover;-o-background-size:cover;background-size:cover;\"   data-bg-url=\"\"><div class=\"fusion-text\">\n\t\t<style type=\"text\/css\">\n\t\t\t#gallery-1 {\n\t\t\t\tmargin: auto;\n\t\t\t}\n\t\t\t#gallery-1 .gallery-item {\n\t\t\t\tfloat: left;\n\t\t\t\tmargin-top: 10px;\n\t\t\t\ttext-align: center;\n\t\t\t\twidth: 16%;\n\t\t\t}\n\t\t\t#gallery-1 img {\n\t\t\t\tborder: 2px solid #cfcfcf;\n\t\t\t}\n\t\t\t#gallery-1 .gallery-caption {\n\t\t\t\tmargin-left: 0;\n\t\t\t}\n\t\t\t\/* see gallery_shortcode() in wp-includes\/media.php *\/\n\t\t<\/style>\n\t\t<div id='gallery-1' class='gallery galleryid-1131 gallery-columns-6 gallery-size-thumbnail'><dl class='gallery-item'>\n\t\t\t<dt class='gallery-icon landscape'>\n\t\t\t\t<a data-rel=\"iLightbox[postimages]\" data-title=\"argentina-te-quiero-2\" data-caption=\"\" href='https:\/\/www.talentosparalavida.org\/wp-content\/uploads\/2018\/04\/argentina-te-quiero-2.jpg'><img loading=\"lazy\" decoding=\"async\" width=\"150\" height=\"150\" src=\"https:\/\/www.talentosparalavida.org\/wp-content\/uploads\/2018\/04\/argentina-te-quiero-2-150x150.jpg\" class=\"attachment-thumbnail size-thumbnail\" alt=\"\" srcset=\"https:\/\/www.talentosparalavida.org\/wp-content\/uploads\/2018\/04\/argentina-te-quiero-2-66x66.jpg 66w, https:\/\/www.talentosparalavida.org\/wp-content\/uploads\/2018\/04\/argentina-te-quiero-2-150x150.jpg 150w, https:\/\/www.talentosparalavida.org\/wp-content\/uploads\/2018\/04\/argentina-te-quiero-2.jpg 200w\" sizes=\"auto, (max-width: 150px) 100vw, 150px\" \/><\/a>\n\t\t\t<\/dt><\/dl><dl class='gallery-item'>\n\t\t\t<dt class='gallery-icon landscape'>\n\t\t\t\t<a data-rel=\"iLightbox[postimages]\" data-title=\"argentina-te-quiero-5\" data-caption=\"\" href='https:\/\/www.talentosparalavida.org\/wp-content\/uploads\/2018\/04\/argentina-te-quiero-5.jpg'><img loading=\"lazy\" decoding=\"async\" width=\"150\" height=\"150\" src=\"https:\/\/www.talentosparalavida.org\/wp-content\/uploads\/2018\/04\/argentina-te-quiero-5-150x150.jpg\" class=\"attachment-thumbnail size-thumbnail\" alt=\"\" srcset=\"https:\/\/www.talentosparalavida.org\/wp-content\/uploads\/2018\/04\/argentina-te-quiero-5-66x66.jpg 66w, https:\/\/www.talentosparalavida.org\/wp-content\/uploads\/2018\/04\/argentina-te-quiero-5-150x150.jpg 150w, https:\/\/www.talentosparalavida.org\/wp-content\/uploads\/2018\/04\/argentina-te-quiero-5.jpg 200w\" sizes=\"auto, (max-width: 150px) 100vw, 150px\" \/><\/a>\n\t\t\t<\/dt><\/dl><dl class='gallery-item'>\n\t\t\t<dt class='gallery-icon landscape'>\n\t\t\t\t<a data-rel=\"iLightbox[postimages]\" data-title=\"argentina-te-quiero-17\" data-caption=\"\" href='https:\/\/www.talentosparalavida.org\/wp-content\/uploads\/2018\/04\/argentina-te-quiero-17.jpg'><img loading=\"lazy\" decoding=\"async\" width=\"150\" height=\"150\" src=\"https:\/\/www.talentosparalavida.org\/wp-content\/uploads\/2018\/04\/argentina-te-quiero-17-150x150.jpg\" class=\"attachment-thumbnail size-thumbnail\" alt=\"\" srcset=\"https:\/\/www.talentosparalavida.org\/wp-content\/uploads\/2018\/04\/argentina-te-quiero-17-66x66.jpg 66w, https:\/\/www.talentosparalavida.org\/wp-content\/uploads\/2018\/04\/argentina-te-quiero-17-150x150.jpg 150w, https:\/\/www.talentosparalavida.org\/wp-content\/uploads\/2018\/04\/argentina-te-quiero-17.jpg 200w\" sizes=\"auto, (max-width: 150px) 100vw, 150px\" \/><\/a>\n\t\t\t<\/dt><\/dl><dl class='gallery-item'>\n\t\t\t<dt class='gallery-icon landscape'>\n\t\t\t\t<a data-rel=\"iLightbox[postimages]\" data-title=\"argentina-te-quiero-1\" data-caption=\"\" href='https:\/\/www.talentosparalavida.org\/wp-content\/uploads\/2018\/04\/argentina-te-quiero-1.jpg'><img loading=\"lazy\" decoding=\"async\" width=\"150\" height=\"150\" src=\"https:\/\/www.talentosparalavida.org\/wp-content\/uploads\/2018\/04\/argentina-te-quiero-1-150x150.jpg\" class=\"attachment-thumbnail size-thumbnail\" alt=\"\" srcset=\"https:\/\/www.talentosparalavida.org\/wp-content\/uploads\/2018\/04\/argentina-te-quiero-1-66x66.jpg 66w, https:\/\/www.talentosparalavida.org\/wp-content\/uploads\/2018\/04\/argentina-te-quiero-1-150x150.jpg 150w, https:\/\/www.talentosparalavida.org\/wp-content\/uploads\/2018\/04\/argentina-te-quiero-1.jpg 200w\" sizes=\"auto, (max-width: 150px) 100vw, 150px\" \/><\/a>\n\t\t\t<\/dt><\/dl><dl class='gallery-item'>\n\t\t\t<dt class='gallery-icon landscape'>\n\t\t\t\t<a data-rel=\"iLightbox[postimages]\" data-title=\"argentina-te-quiero-18\" data-caption=\"\" href='https:\/\/www.talentosparalavida.org\/wp-content\/uploads\/2018\/04\/argentina-te-quiero-18.jpg'><img loading=\"lazy\" decoding=\"async\" width=\"150\" height=\"150\" src=\"https:\/\/www.talentosparalavida.org\/wp-content\/uploads\/2018\/04\/argentina-te-quiero-18-150x150.jpg\" class=\"attachment-thumbnail size-thumbnail\" alt=\"\" srcset=\"https:\/\/www.talentosparalavida.org\/wp-content\/uploads\/2018\/04\/argentina-te-quiero-18-66x66.jpg 66w, https:\/\/www.talentosparalavida.org\/wp-content\/uploads\/2018\/04\/argentina-te-quiero-18-150x150.jpg 150w, https:\/\/www.talentosparalavida.org\/wp-content\/uploads\/2018\/04\/argentina-te-quiero-18.jpg 200w\" sizes=\"auto, (max-width: 150px) 100vw, 150px\" \/><\/a>\n\t\t\t<\/dt><\/dl><dl class='gallery-item'>\n\t\t\t<dt class='gallery-icon landscape'>\n\t\t\t\t<a data-rel=\"iLightbox[postimages]\" data-title=\"argentina-te-quiero-6\" data-caption=\"\" href='https:\/\/www.talentosparalavida.org\/wp-content\/uploads\/2018\/04\/argentina-te-quiero-6.jpg'><img loading=\"lazy\" decoding=\"async\" width=\"150\" height=\"150\" src=\"https:\/\/www.talentosparalavida.org\/wp-content\/uploads\/2018\/04\/argentina-te-quiero-6-150x150.jpg\" class=\"attachment-thumbnail size-thumbnail\" alt=\"\" srcset=\"https:\/\/www.talentosparalavida.org\/wp-content\/uploads\/2018\/04\/argentina-te-quiero-6-66x66.jpg 66w, https:\/\/www.talentosparalavida.org\/wp-content\/uploads\/2018\/04\/argentina-te-quiero-6-150x150.jpg 150w, https:\/\/www.talentosparalavida.org\/wp-content\/uploads\/2018\/04\/argentina-te-quiero-6.jpg 200w\" sizes=\"auto, (max-width: 150px) 100vw, 150px\" \/><\/a>\n\t\t\t<\/dt><\/dl><br style=\"clear: both\" \/><dl class='gallery-item'>\n\t\t\t<dt class='gallery-icon landscape'>\n\t\t\t\t<a data-rel=\"iLightbox[postimages]\" data-title=\"argentina-te-quiero-3\" data-caption=\"\" href='https:\/\/www.talentosparalavida.org\/wp-content\/uploads\/2018\/04\/argentina-te-quiero-3.jpg'><img loading=\"lazy\" decoding=\"async\" width=\"150\" height=\"150\" src=\"https:\/\/www.talentosparalavida.org\/wp-content\/uploads\/2018\/04\/argentina-te-quiero-3-150x150.jpg\" class=\"attachment-thumbnail size-thumbnail\" alt=\"\" srcset=\"https:\/\/www.talentosparalavida.org\/wp-content\/uploads\/2018\/04\/argentina-te-quiero-3-66x66.jpg 66w, https:\/\/www.talentosparalavida.org\/wp-content\/uploads\/2018\/04\/argentina-te-quiero-3-150x150.jpg 150w, https:\/\/www.talentosparalavida.org\/wp-content\/uploads\/2018\/04\/argentina-te-quiero-3.jpg 200w\" sizes=\"auto, (max-width: 150px) 100vw, 150px\" \/><\/a>\n\t\t\t<\/dt><\/dl><dl class='gallery-item'>\n\t\t\t<dt class='gallery-icon landscape'>\n\t\t\t\t<a data-rel=\"iLightbox[postimages]\" data-title=\"argentina-te-quiero-22\" data-caption=\"\" href='https:\/\/www.talentosparalavida.org\/wp-content\/uploads\/2018\/04\/argentina-te-quiero-22.jpg'><img loading=\"lazy\" decoding=\"async\" width=\"150\" height=\"150\" src=\"https:\/\/www.talentosparalavida.org\/wp-content\/uploads\/2018\/04\/argentina-te-quiero-22-150x150.jpg\" class=\"attachment-thumbnail size-thumbnail\" alt=\"\" srcset=\"https:\/\/www.talentosparalavida.org\/wp-content\/uploads\/2018\/04\/argentina-te-quiero-22-66x66.jpg 66w, https:\/\/www.talentosparalavida.org\/wp-content\/uploads\/2018\/04\/argentina-te-quiero-22-150x150.jpg 150w, https:\/\/www.talentosparalavida.org\/wp-content\/uploads\/2018\/04\/argentina-te-quiero-22.jpg 200w\" sizes=\"auto, (max-width: 150px) 100vw, 150px\" \/><\/a>\n\t\t\t<\/dt><\/dl><dl class='gallery-item'>\n\t\t\t<dt class='gallery-icon landscape'>\n\t\t\t\t<a data-rel=\"iLightbox[postimages]\" data-title=\"argentina-te-quiero-26\" data-caption=\"\" href='https:\/\/www.talentosparalavida.org\/wp-content\/uploads\/2018\/04\/argentina-te-quiero-26.jpg'><img loading=\"lazy\" decoding=\"async\" width=\"150\" height=\"150\" src=\"https:\/\/www.talentosparalavida.org\/wp-content\/uploads\/2018\/04\/argentina-te-quiero-26-150x150.jpg\" class=\"attachment-thumbnail size-thumbnail\" alt=\"\" srcset=\"https:\/\/www.talentosparalavida.org\/wp-content\/uploads\/2018\/04\/argentina-te-quiero-26-66x66.jpg 66w, https:\/\/www.talentosparalavida.org\/wp-content\/uploads\/2018\/04\/argentina-te-quiero-26-150x150.jpg 150w, https:\/\/www.talentosparalavida.org\/wp-content\/uploads\/2018\/04\/argentina-te-quiero-26.jpg 200w\" sizes=\"auto, (max-width: 150px) 100vw, 150px\" \/><\/a>\n\t\t\t<\/dt><\/dl><dl class='gallery-item'>\n\t\t\t<dt class='gallery-icon landscape'>\n\t\t\t\t<a data-rel=\"iLightbox[postimages]\" data-title=\"argentina-te-quiero-14\" data-caption=\"\" href='https:\/\/www.talentosparalavida.org\/wp-content\/uploads\/2018\/04\/argentina-te-quiero-14.png'><img loading=\"lazy\" decoding=\"async\" width=\"129\" height=\"129\" src=\"https:\/\/www.talentosparalavida.org\/wp-content\/uploads\/2018\/04\/argentina-te-quiero-14.png\" class=\"attachment-thumbnail size-thumbnail\" alt=\"\" srcset=\"https:\/\/www.talentosparalavida.org\/wp-content\/uploads\/2018\/04\/argentina-te-quiero-14-66x66.png 66w, https:\/\/www.talentosparalavida.org\/wp-content\/uploads\/2018\/04\/argentina-te-quiero-14.png 129w\" sizes=\"auto, (max-width: 129px) 100vw, 129px\" \/><\/a>\n\t\t\t<\/dt><\/dl><dl class='gallery-item'>\n\t\t\t<dt class='gallery-icon landscape'>\n\t\t\t\t<a data-rel=\"iLightbox[postimages]\" data-title=\"argentina-te-quiero-4\" data-caption=\"\" href='https:\/\/www.talentosparalavida.org\/wp-content\/uploads\/2018\/04\/argentina-te-quiero-4.jpg'><img loading=\"lazy\" decoding=\"async\" width=\"150\" height=\"150\" src=\"https:\/\/www.talentosparalavida.org\/wp-content\/uploads\/2018\/04\/argentina-te-quiero-4-150x150.jpg\" class=\"attachment-thumbnail size-thumbnail\" alt=\"\" srcset=\"https:\/\/www.talentosparalavida.org\/wp-content\/uploads\/2018\/04\/argentina-te-quiero-4-66x66.jpg 66w, https:\/\/www.talentosparalavida.org\/wp-content\/uploads\/2018\/04\/argentina-te-quiero-4-150x150.jpg 150w, https:\/\/www.talentosparalavida.org\/wp-content\/uploads\/2018\/04\/argentina-te-quiero-4.jpg 200w\" sizes=\"auto, (max-width: 150px) 100vw, 150px\" \/><\/a>\n\t\t\t<\/dt><\/dl><dl class='gallery-item'>\n\t\t\t<dt class='gallery-icon landscape'>\n\t\t\t\t<a data-rel=\"iLightbox[postimages]\" data-title=\"argentina-te-quiero-15\" data-caption=\"\" href='https:\/\/www.talentosparalavida.org\/wp-content\/uploads\/2018\/04\/argentina-te-quiero-15.jpg'><img loading=\"lazy\" decoding=\"async\" width=\"150\" height=\"150\" src=\"https:\/\/www.talentosparalavida.org\/wp-content\/uploads\/2018\/04\/argentina-te-quiero-15-150x150.jpg\" class=\"attachment-thumbnail size-thumbnail\" alt=\"\" srcset=\"https:\/\/www.talentosparalavida.org\/wp-content\/uploads\/2018\/04\/argentina-te-quiero-15-66x66.jpg 66w, https:\/\/www.talentosparalavida.org\/wp-content\/uploads\/2018\/04\/argentina-te-quiero-15-150x150.jpg 150w, https:\/\/www.talentosparalavida.org\/wp-content\/uploads\/2018\/04\/argentina-te-quiero-15.jpg 200w\" sizes=\"auto, (max-width: 150px) 100vw, 150px\" \/><\/a>\n\t\t\t<\/dt><\/dl><br style=\"clear: both\" \/><dl class='gallery-item'>\n\t\t\t<dt class='gallery-icon landscape'>\n\t\t\t\t<a data-rel=\"iLightbox[postimages]\" data-title=\"argentina-te-quiero-20\" data-caption=\"\" href='https:\/\/www.talentosparalavida.org\/wp-content\/uploads\/2018\/04\/argentina-te-quiero-20.jpg'><img loading=\"lazy\" decoding=\"async\" width=\"150\" height=\"150\" src=\"https:\/\/www.talentosparalavida.org\/wp-content\/uploads\/2018\/04\/argentina-te-quiero-20-150x150.jpg\" class=\"attachment-thumbnail size-thumbnail\" alt=\"\" srcset=\"https:\/\/www.talentosparalavida.org\/wp-content\/uploads\/2018\/04\/argentina-te-quiero-20-66x66.jpg 66w, https:\/\/www.talentosparalavida.org\/wp-content\/uploads\/2018\/04\/argentina-te-quiero-20-150x150.jpg 150w, https:\/\/www.talentosparalavida.org\/wp-content\/uploads\/2018\/04\/argentina-te-quiero-20.jpg 200w\" sizes=\"auto, (max-width: 150px) 100vw, 150px\" \/><\/a>\n\t\t\t<\/dt><\/dl><dl class='gallery-item'>\n\t\t\t<dt class='gallery-icon landscape'>\n\t\t\t\t<a data-rel=\"iLightbox[postimages]\" data-title=\"argentina-te-quiero-21\" data-caption=\"\" href='https:\/\/www.talentosparalavida.org\/wp-content\/uploads\/2018\/04\/argentina-te-quiero-21.jpg'><img loading=\"lazy\" decoding=\"async\" width=\"150\" height=\"150\" src=\"https:\/\/www.talentosparalavida.org\/wp-content\/uploads\/2018\/04\/argentina-te-quiero-21-150x150.jpg\" class=\"attachment-thumbnail size-thumbnail\" alt=\"\" srcset=\"https:\/\/www.talentosparalavida.org\/wp-content\/uploads\/2018\/04\/argentina-te-quiero-21-66x66.jpg 66w, https:\/\/www.talentosparalavida.org\/wp-content\/uploads\/2018\/04\/argentina-te-quiero-21-150x150.jpg 150w, https:\/\/www.talentosparalavida.org\/wp-content\/uploads\/2018\/04\/argentina-te-quiero-21.jpg 200w\" sizes=\"auto, (max-width: 150px) 100vw, 150px\" \/><\/a>\n\t\t\t<\/dt><\/dl><dl class='gallery-item'>\n\t\t\t<dt class='gallery-icon landscape'>\n\t\t\t\t<a data-rel=\"iLightbox[postimages]\" data-title=\"argentina-te-quiero-11\" data-caption=\"\" href='https:\/\/www.talentosparalavida.org\/wp-content\/uploads\/2018\/04\/argentina-te-quiero-11.jpg'><img loading=\"lazy\" decoding=\"async\" width=\"150\" height=\"150\" src=\"https:\/\/www.talentosparalavida.org\/wp-content\/uploads\/2018\/04\/argentina-te-quiero-11.jpg\" class=\"attachment-thumbnail size-thumbnail\" alt=\"\" srcset=\"https:\/\/www.talentosparalavida.org\/wp-content\/uploads\/2018\/04\/argentina-te-quiero-11-66x66.jpg 66w, https:\/\/www.talentosparalavida.org\/wp-content\/uploads\/2018\/04\/argentina-te-quiero-11.jpg 150w\" sizes=\"auto, (max-width: 150px) 100vw, 150px\" \/><\/a>\n\t\t\t<\/dt><\/dl><dl class='gallery-item'>\n\t\t\t<dt class='gallery-icon landscape'>\n\t\t\t\t<a data-rel=\"iLightbox[postimages]\" data-title=\"argentina-te-quiero-10\" data-caption=\"\" href='https:\/\/www.talentosparalavida.org\/wp-content\/uploads\/2018\/04\/argentina-te-quiero-10.jpg'><img loading=\"lazy\" decoding=\"async\" width=\"150\" height=\"150\" src=\"https:\/\/www.talentosparalavida.org\/wp-content\/uploads\/2018\/04\/argentina-te-quiero-10-150x150.jpg\" class=\"attachment-thumbnail size-thumbnail\" alt=\"\" srcset=\"https:\/\/www.talentosparalavida.org\/wp-content\/uploads\/2018\/04\/argentina-te-quiero-10-66x66.jpg 66w, https:\/\/www.talentosparalavida.org\/wp-content\/uploads\/2018\/04\/argentina-te-quiero-10-150x150.jpg 150w, https:\/\/www.talentosparalavida.org\/wp-content\/uploads\/2018\/04\/argentina-te-quiero-10.jpg 200w\" sizes=\"auto, (max-width: 150px) 100vw, 150px\" \/><\/a>\n\t\t\t<\/dt><\/dl><dl class='gallery-item'>\n\t\t\t<dt class='gallery-icon landscape'>\n\t\t\t\t<a data-rel=\"iLightbox[postimages]\" data-title=\"argentina-te-quiero-13\" data-caption=\"\" href='https:\/\/www.talentosparalavida.org\/wp-content\/uploads\/2018\/04\/argentina-te-quiero-13.jpg'><img loading=\"lazy\" decoding=\"async\" width=\"150\" height=\"150\" src=\"https:\/\/www.talentosparalavida.org\/wp-content\/uploads\/2018\/04\/argentina-te-quiero-13-150x150.jpg\" class=\"attachment-thumbnail size-thumbnail\" alt=\"\" srcset=\"https:\/\/www.talentosparalavida.org\/wp-content\/uploads\/2018\/04\/argentina-te-quiero-13-66x66.jpg 66w, https:\/\/www.talentosparalavida.org\/wp-content\/uploads\/2018\/04\/argentina-te-quiero-13-150x150.jpg 150w, https:\/\/www.talentosparalavida.org\/wp-content\/uploads\/2018\/04\/argentina-te-quiero-13.jpg 200w\" sizes=\"auto, (max-width: 150px) 100vw, 150px\" \/><\/a>\n\t\t\t<\/dt><\/dl><dl class='gallery-item'>\n\t\t\t<dt class='gallery-icon landscape'>\n\t\t\t\t<a data-rel=\"iLightbox[postimages]\" data-title=\"argentina-te-quiero-25\" data-caption=\"\" href='https:\/\/www.talentosparalavida.org\/wp-content\/uploads\/2018\/04\/argentina-te-quiero-25.jpg'><img loading=\"lazy\" decoding=\"async\" width=\"150\" height=\"150\" src=\"https:\/\/www.talentosparalavida.org\/wp-content\/uploads\/2018\/04\/argentina-te-quiero-25-150x150.jpg\" class=\"attachment-thumbnail size-thumbnail\" alt=\"\" srcset=\"https:\/\/www.talentosparalavida.org\/wp-content\/uploads\/2018\/04\/argentina-te-quiero-25-66x66.jpg 66w, https:\/\/www.talentosparalavida.org\/wp-content\/uploads\/2018\/04\/argentina-te-quiero-25-150x150.jpg 150w, https:\/\/www.talentosparalavida.org\/wp-content\/uploads\/2018\/04\/argentina-te-quiero-25.jpg 200w\" sizes=\"auto, (max-width: 150px) 100vw, 150px\" \/><\/a>\n\t\t\t<\/dt><\/dl><br style=\"clear: both\" \/><dl class='gallery-item'>\n\t\t\t<dt class='gallery-icon landscape'>\n\t\t\t\t<a data-rel=\"iLightbox[postimages]\" data-title=\"argentina-te-quiero-16\" data-caption=\"\" href='https:\/\/www.talentosparalavida.org\/wp-content\/uploads\/2018\/04\/argentina-te-quiero-16.jpg'><img loading=\"lazy\" decoding=\"async\" width=\"150\" height=\"150\" src=\"https:\/\/www.talentosparalavida.org\/wp-content\/uploads\/2018\/04\/argentina-te-quiero-16-150x150.jpg\" class=\"attachment-thumbnail size-thumbnail\" alt=\"\" srcset=\"https:\/\/www.talentosparalavida.org\/wp-content\/uploads\/2018\/04\/argentina-te-quiero-16-66x66.jpg 66w, https:\/\/www.talentosparalavida.org\/wp-content\/uploads\/2018\/04\/argentina-te-quiero-16-150x150.jpg 150w, https:\/\/www.talentosparalavida.org\/wp-content\/uploads\/2018\/04\/argentina-te-quiero-16.jpg 200w\" sizes=\"auto, (max-width: 150px) 100vw, 150px\" \/><\/a>\n\t\t\t<\/dt><\/dl><dl class='gallery-item'>\n\t\t\t<dt class='gallery-icon landscape'>\n\t\t\t\t<a data-rel=\"iLightbox[postimages]\" data-title=\"argentina-te-quiero-9\" data-caption=\"\" href='https:\/\/www.talentosparalavida.org\/wp-content\/uploads\/2018\/04\/argentina-te-quiero-9.jpg'><img loading=\"lazy\" decoding=\"async\" width=\"150\" height=\"150\" src=\"https:\/\/www.talentosparalavida.org\/wp-content\/uploads\/2018\/04\/argentina-te-quiero-9-150x150.jpg\" class=\"attachment-thumbnail size-thumbnail\" alt=\"\" srcset=\"https:\/\/www.talentosparalavida.org\/wp-content\/uploads\/2018\/04\/argentina-te-quiero-9-66x66.jpg 66w, https:\/\/www.talentosparalavida.org\/wp-content\/uploads\/2018\/04\/argentina-te-quiero-9-150x150.jpg 150w, https:\/\/www.talentosparalavida.org\/wp-content\/uploads\/2018\/04\/argentina-te-quiero-9.jpg 200w\" sizes=\"auto, (max-width: 150px) 100vw, 150px\" \/><\/a>\n\t\t\t<\/dt><\/dl><dl class='gallery-item'>\n\t\t\t<dt class='gallery-icon landscape'>\n\t\t\t\t<a data-rel=\"iLightbox[postimages]\" data-title=\"argentina-te-quiero-12\" data-caption=\"\" href='https:\/\/www.talentosparalavida.org\/wp-content\/uploads\/2018\/04\/argentina-te-quiero-12.jpg'><img loading=\"lazy\" decoding=\"async\" width=\"150\" height=\"150\" src=\"https:\/\/www.talentosparalavida.org\/wp-content\/uploads\/2018\/04\/argentina-te-quiero-12-150x150.jpg\" class=\"attachment-thumbnail size-thumbnail\" alt=\"\" srcset=\"https:\/\/www.talentosparalavida.org\/wp-content\/uploads\/2018\/04\/argentina-te-quiero-12-66x66.jpg 66w, https:\/\/www.talentosparalavida.org\/wp-content\/uploads\/2018\/04\/argentina-te-quiero-12-150x150.jpg 150w, https:\/\/www.talentosparalavida.org\/wp-content\/uploads\/2018\/04\/argentina-te-quiero-12.jpg 200w\" sizes=\"auto, (max-width: 150px) 100vw, 150px\" \/><\/a>\n\t\t\t<\/dt><\/dl><dl class='gallery-item'>\n\t\t\t<dt class='gallery-icon landscape'>\n\t\t\t\t<a data-rel=\"iLightbox[postimages]\" data-title=\"argentina-te-quiero-8\" data-caption=\"\" href='https:\/\/www.talentosparalavida.org\/wp-content\/uploads\/2018\/04\/argentina-te-quiero-8.jpg'><img loading=\"lazy\" decoding=\"async\" width=\"150\" height=\"150\" src=\"https:\/\/www.talentosparalavida.org\/wp-content\/uploads\/2018\/04\/argentina-te-quiero-8-150x150.jpg\" class=\"attachment-thumbnail size-thumbnail\" alt=\"\" srcset=\"https:\/\/www.talentosparalavida.org\/wp-content\/uploads\/2018\/04\/argentina-te-quiero-8-66x66.jpg 66w, https:\/\/www.talentosparalavida.org\/wp-content\/uploads\/2018\/04\/argentina-te-quiero-8-150x150.jpg 150w, https:\/\/www.talentosparalavida.org\/wp-content\/uploads\/2018\/04\/argentina-te-quiero-8.jpg 200w\" sizes=\"auto, (max-width: 150px) 100vw, 150px\" \/><\/a>\n\t\t\t<\/dt><\/dl><dl class='gallery-item'>\n\t\t\t<dt class='gallery-icon landscape'>\n\t\t\t\t<a data-rel=\"iLightbox[postimages]\" data-title=\"argentina-te-quiero-24\" data-caption=\"\" href='https:\/\/www.talentosparalavida.org\/wp-content\/uploads\/2018\/04\/argentina-te-quiero-24.jpg'><img loading=\"lazy\" decoding=\"async\" width=\"150\" height=\"150\" src=\"https:\/\/www.talentosparalavida.org\/wp-content\/uploads\/2018\/04\/argentina-te-quiero-24-150x150.jpg\" class=\"attachment-thumbnail size-thumbnail\" alt=\"\" srcset=\"https:\/\/www.talentosparalavida.org\/wp-content\/uploads\/2018\/04\/argentina-te-quiero-24-66x66.jpg 66w, https:\/\/www.talentosparalavida.org\/wp-content\/uploads\/2018\/04\/argentina-te-quiero-24-150x150.jpg 150w, https:\/\/www.talentosparalavida.org\/wp-content\/uploads\/2018\/04\/argentina-te-quiero-24.jpg 200w\" sizes=\"auto, (max-width: 150px) 100vw, 150px\" \/><\/a>\n\t\t\t<\/dt><\/dl><dl class='gallery-item'>\n\t\t\t<dt class='gallery-icon landscape'>\n\t\t\t\t<a data-rel=\"iLightbox[postimages]\" data-title=\"argentina-te-quiero-23\" data-caption=\"\" href='https:\/\/www.talentosparalavida.org\/wp-content\/uploads\/2018\/04\/argentina-te-quiero-23.jpg'><img loading=\"lazy\" decoding=\"async\" width=\"150\" height=\"150\" src=\"https:\/\/www.talentosparalavida.org\/wp-content\/uploads\/2018\/04\/argentina-te-quiero-23-150x150.jpg\" class=\"attachment-thumbnail size-thumbnail\" alt=\"\" srcset=\"https:\/\/www.talentosparalavida.org\/wp-content\/uploads\/2018\/04\/argentina-te-quiero-23-66x66.jpg 66w, https:\/\/www.talentosparalavida.org\/wp-content\/uploads\/2018\/04\/argentina-te-quiero-23-150x150.jpg 150w, https:\/\/www.talentosparalavida.org\/wp-content\/uploads\/2018\/04\/argentina-te-quiero-23.jpg 200w\" sizes=\"auto, (max-width: 150px) 100vw, 150px\" \/><\/a>\n\t\t\t<\/dt><\/dl><br style=\"clear: both\" \/>\n\t\t<\/div>\n\n<\/div><div class=\"fusion-clearfix\"><\/div><\/div><\/div><\/div><\/div>\n","protected":false},"excerpt":{"rendered":"","protected":false},"author":1,"featured_media":0,"parent":0,"menu_order":0,"comment_status":"closed","ping_status":"closed","template":"","meta":{"footnotes":""},"class_list":["post-1131","page","type-page","status-publish","hentry"],"_links":{"self":[{"href":"https:\/\/www.talentosparalavida.org\/en\/wp-json\/wp\/v2\/pages\/1131","targetHints":{"allow":["GET"]}}],"collection":[{"href":"https:\/\/www.talentosparalavida.org\/en\/wp-json\/wp\/v2\/pages"}],"about":[{"href":"https:\/\/www.talentosparalavida.org\/en\/wp-json\/wp\/v2\/types\/page"}],"author":[{"embeddable":true,"href":"https:\/\/www.talentosparalavida.org\/en\/wp-json\/wp\/v2\/users\/1"}],"replies":[{"embeddable":true,"href":"https:\/\/www.talentosparalavida.org\/en\/wp-json\/wp\/v2\/comments?post=1131"}],"version-history":[{"count":1,"href":"https:\/\/www.talentosparalavida.org\/en\/wp-json\/wp\/v2\/pages\/1131\/revisions"}],"predecessor-version":[{"id":1133,"href":"https:\/\/www.talentosparalavida.org\/en\/wp-json\/wp\/v2\/pages\/1131\/revisions\/1133"}],"wp:attachment":[{"href":"https:\/\/www.talentosparalavida.org\/en\/wp-json\/wp\/v2\/media?parent=1131"}],"curies":[{"name":"wp","href":"https:\/\/api.w.org\/{rel}","templated":true}]}}